{"id":13,"date":"2022-12-14T08:58:27","date_gmt":"2022-12-14T07:58:27","guid":{"rendered":"http:\/\/hotel-alphorn.de\/Wordpress_23\/?page_id=13"},"modified":"2022-12-28T12:29:34","modified_gmt":"2022-12-28T11:29:34","slug":"impressum","status":"publish","type":"page","link":"https:\/\/hotel-alphorn.de\/?page_id=13","title":{"rendered":"Impressum"},"content":{"rendered":"\t\t<div data-elementor-type=\"wp-page\" data-elementor-id=\"13\" class=\"elementor elementor-13\" data-elementor-post-type=\"page\">\n\t\t\t\t\t\t<section class=\"elementor-section elementor-top-section elementor-element elementor-element-dacea17 elementor-section-boxed elementor-section-height-default elementor-section-height-default\" data-id=\"dacea17\" data-element_type=\"section\">\n\t\t\t\t\t\t<div class=\"elementor-container elementor-column-gap-default\">\n\t\t\t\t\t<div class=\"elementor-column elementor-col-100 elementor-top-column elementor-element elementor-element-7134bda\" data-id=\"7134bda\" data-element_type=\"column\">\n\t\t\t<div class=\"elementor-widget-wrap elementor-element-populated\">\n\t\t\t\t\t\t<div class=\"elementor-element elementor-element-fb8dc76 elementor-widget elementor-widget-text-editor\" data-id=\"fb8dc76\" data-element_type=\"widget\" data-widget_type=\"text-editor.default\">\n\t\t\t\t<div class=\"elementor-widget-container\">\n\t\t\t\t\t\t\t\t\t<h2 class=\"art-postheader\">Impressum<\/h2><div class=\"art-postcontent clearfix\"><div class=\"art-article\"><p>Schrothkurhotel Alphorn<\/p><p>Familie Kellershohn<br \/>B\u00fcrgermeister-Wucherer Str. 16<br \/>87534 Oberstaufen<\/p><p>Tel: (0 83 86) 93 52-0<br \/>Fax: (0 83 86) 93 52-33<br \/><span id=\"cloake6c209f4a9c1f96e554e7ea7b200be7e\"><a href=\"mailto:info@hotel-alphorn.de\">info@hotel-alphorn.de<\/a><\/span><\/p><p>Umsatzsteuer-ID: DE255858115<\/p><p>Urheberrechtlicher Hinweis:\u00a0Alle Seiten dieser Website sind durch das Urheberrecht gesch\u00fctzt.\u00a0<\/p><p>Alle Rechte, auch \u00dcbersetzungen, vorbehalten. Insbesondere d\u00fcrfen Nachdruck, Aufnahme in Online-Dienste und Internet und Vervielf\u00e4ltigung auf Datentr\u00e4ger wie CD-ROM, DVD-ROM etc. kann nur nach vorheriger schriftlicher Zustimmung von Heinz Kellershohn erfolgen.<\/p><p>Haftungshinweis:<\/p><p>Mit Urteil vom 12. Mai 1998 hat das Landgericht Hamburg entschieden, dass man durch die Ausbringung eines Links die Inhalte der gelinkten Seite ggf. mit zu verantworten hat. Dies kann, so das LG, nur dadurch verhindert werden, dass man sich ausdr\u00fccklich von diesen Inhalten distanziert. Wir haben auf unseren Seiten Links zu anderen Seiten im Internet gelegt. F\u00fcr alle diese Links gilt: Wir erkl\u00e4ren ausdr\u00fccklich, dass wir keinerlei Einfluss auf die Gestaltung und die Inhalte der gelinkten Seiten haben. Deshalb distanzieren wir uns hiermit ausdr\u00fccklich von allen Inhalten aller gelinkten Seiten auf unserer Homepage und machen uns diese Inhalte nicht zu Eigen.<\/p><p>Diese Erkl\u00e4rung gilt f\u00fcr alle auf unserer Homepage angezeigten Links und f\u00fcr alle Inhalte der Seiten, zu denen die bei uns sichtbaren Banner, Buttons und Links f\u00fchren. Rechtshinweis zum Bild-Download: DIe meisten dargestellten Bilder sind zur Verwendung zur Verf\u00fcgung gestellt. Die Galeriebilder sind Eigentum von Hr. Kellershohn. Die Nutzung, insbesondere der Download und die Weiterverwendung f\u00fcr private und\/oder kommerzielle Einsatzbereiche in Agenturen, Web-Auftritten und allen werblichen Medien ist untersagt und bedarf einer vorherigen, ausdr\u00fccklichen und schriftlichen Zustimmung. Eine Weitergabe an Dritte ist nicht gestattet. Es gelten die urheberrechtlichen Nutzungsregeln f\u00fcr Bilder.<\/p><p>Datenschutz:\u00a0<\/p><p>Der Schutz der Privatsph\u00e4re des Einzelnen im Internet ist uns sehr wichtig. Mit der Nutzung unserer Angebote erkl\u00e4ren Sie sich mit der Speicherung Ihrer Adressdaten einverstanden. Die Daten werden nicht an Dritte weitergegeben. Sie k\u00f6nnen Ihre Daten jederzeit bei uns l\u00f6schen lassen, wenn Sie uns dies schriftlich mitteilen.<\/p><p>Haftungsausschluss:\u00a0<\/p><p>Inhalt der Seiten; Hr. Kellershohn\u00a0\u00fcbernimmt keinerlei Gew\u00e4hr f\u00fcr die Aktualit\u00e4t, Korrektheit, Vollst\u00e4ndigkeit oder Qualit\u00e4t der bereitgestellten Informationen. Haftungsanspr\u00fcche gegen den Autor, welche sich auf Sch\u00e4den materieller oder ideeller Art beziehen, die durch die Nutzung oder Nichtnutzung der dargebotenen Informationen bzw. durch die Nutzung fehlerhafter und unvollst\u00e4ndiger Informationen verursacht wurden, sind grunds\u00e4tzlich ausgeschlossen. Hr. Kellershohn\u00a0beh\u00e4lt es sich ausdr\u00fccklich vor, Teile der Seiten oder das gesamte Angebot ohne gesonderte Ank\u00fcndigung zu ver\u00e4ndern, zu erg\u00e4nzen, zu l\u00f6schen oder die Ver\u00f6ffentlichung zeitweise oder endg\u00fcltig einzustellen.<\/p><p>Verweise und Links Bei direkten oder indirekten Verweisen auf fremde Internetseiten (&#8222;Links&#8220;), die au\u00dferhalb des Verantwortungsbereiches von Hr. Kellershohn\u00a0liegt, tritt keine Haftungsverpflichtung in Kraft. Hr. Kellershohn\u00a0erkl\u00e4rt hiermit ausdr\u00fccklich, dass zum Zeitpunkt der Linksetzung keine illegalen Inhalte auf den zu verlinkenden Seiten erkennbar waren. Auf die aktuelle und zuk\u00fcnftige Gestaltung, die Inhalte oder die Urheberschaft der gelinkten \/ verkn\u00fcpften Seiten hat Hr. Kellershohn\u00a0keinerlei Einfluss. Deshalb distanzieren sie sich hiermit ausdr\u00fccklich von allen Inhalten aller gelinkten \/ verkn\u00fcpften Seiten, die nach der Linksetzung ver\u00e4ndert wurden. Diese Feststellung gilt f\u00fcr alle innerhalb des eigenen Internetangebotes gesetzten Links und Verweise sowie f\u00fcr Fremdeintr\u00e4ge in vom Autor eingerichteten G\u00e4steb\u00fcchern, Diskussionsforen und Mailinglisten. F\u00fcr illegale, fehlerhafte oder unvollst\u00e4ndige Inhalte und insbesondere f\u00fcr Sch\u00e4den, die aus der Nutzung oder Nichtnutzung solcherart dargebotener Informationen entstehen, haftet allein der Anbieter der Seite, auf welche verwiesen wurde, nicht derjenige, der \u00fcber Links auf die jeweilige Ver\u00f6ffentlichung lediglich verweist.<\/p><p>Rechtswirksamkeit dieses Haftungsausschlusses\u00a0<\/p><p>Dieser Haftungsausschluss ist als Teil des Internetangebotes zu betrachten, von dem aus auf diese Seite verwiesen wurde. Sofern Teile oder einzelne Formulierungen dieses Textes der geltenden Rechtslage nicht, nicht mehr oder nicht vollst\u00e4ndig entsprechen sollten, bleiben die \u00fcbrigen Teile des Dokumentes in ihrem Inhalt und ihrer G\u00fcltigkeit davon unber\u00fchrt<\/p><\/div><\/div>\t\t\t\t\t\t\t\t<\/div>\n\t\t\t\t<\/div>\n\t\t\t\t\t<\/div>\n\t\t<\/div>\n\t\t\t\t\t<\/div>\n\t\t<\/section>\n\t\t\t\t<\/div>\n\t\t","protected":false},"excerpt":{"rendered":"<p>Impressum Schrothkurhotel Alphorn Familie KellershohnB\u00fcrgermeister-Wucherer Str. 1687534 Oberstaufen Tel: (0 83 86) 93 52-0Fax: (0 83 86) 93 52-33info@hotel-alphorn.de Umsatzsteuer-ID: DE255858115 Urheberrechtlicher Hinweis: Alle Seiten dieser Website sind durch das Urheberrecht gesch\u00fctzt. Alle Rechte, auch \u00dcbersetzungen, vorbehalten. Insbesondere d\u00fcrfen Nachdruck, Aufnahme in Online-Dienste und Internet und Vervielf\u00e4ltigung auf Datentr\u00e4ger wie CD-ROM, DVD-ROM etc. kann nur [&hellip;]<\/p>\n","protected":false},"author":1,"featured_media":0,"parent":0,"menu_order":0,"comment_status":"closed","ping_status":"closed","template":"","meta":{"footnotes":""},"class_list":["post-13","page","type-page","status-publish","hentry"],"_links":{"self":[{"href":"https:\/\/hotel-alphorn.de\/index.php?rest_route=\/wp\/v2\/pages\/13","targetHints":{"allow":["GET"]}}],"collection":[{"href":"https:\/\/hotel-alphorn.de\/index.php?rest_route=\/wp\/v2\/pages"}],"about":[{"href":"https:\/\/hotel-alphorn.de\/index.php?rest_route=\/wp\/v2\/types\/page"}],"author":[{"embeddable":true,"href":"https:\/\/hotel-alphorn.de\/index.php?rest_route=\/wp\/v2\/users\/1"}],"replies":[{"embeddable":true,"href":"https:\/\/hotel-alphorn.de\/index.php?rest_route=%2Fwp%2Fv2%2Fcomments&post=13"}],"version-history":[{"count":4,"href":"https:\/\/hotel-alphorn.de\/index.php?rest_route=\/wp\/v2\/pages\/13\/revisions"}],"predecessor-version":[{"id":288,"href":"https:\/\/hotel-alphorn.de\/index.php?rest_route=\/wp\/v2\/pages\/13\/revisions\/288"}],"wp:attachment":[{"href":"https:\/\/hotel-alphorn.de\/index.php?rest_route=%2Fwp%2Fv2%2Fmedia&parent=13"}],"curies":[{"name":"wp","href":"https:\/\/api.w.org\/{rel}","templated":true}]}}