{"id":34,"date":"2022-12-14T09:14:57","date_gmt":"2022-12-14T08:14:57","guid":{"rendered":"http:\/\/hotel-alphorn.de\/Wordpress_23\/?page_id=34"},"modified":"2025-03-14T11:09:45","modified_gmt":"2025-03-14T10:09:45","slug":"wohnambiente","status":"publish","type":"page","link":"https:\/\/hotel-alphorn.de\/?page_id=34","title":{"rendered":"Wohnambiente"},"content":{"rendered":"<style>\/*! elementor-pro - v3.7.2 - 15-06-2022 *\/<br \/>\n.elementor-slides .swiper-slide-bg{background-size:cover;background-position:50%;background-repeat:no-repeat;min-width:100%;min-height:100%}.elementor-slides .swiper-slide-inner{background-repeat:no-repeat;background-position:50%;position:absolute;top:0;left:0;bottom:0;right:0;padding:50px;margin:auto}.elementor-slides .swiper-slide-inner,.elementor-slides .swiper-slide-inner:hover{color:#fff;display:-webkit-box;display:-ms-flexbox;display:flex}.elementor-slides .swiper-slide-inner .elementor-background-overlay{position:absolute;z-index:0;top:0;bottom:0;left:0;right:0}.elementor-slides .swiper-slide-inner .elementor-slide-content{position:relative;z-index:1;width:100%}.elementor-slides .swiper-slide-inner .elementor-slide-heading{font-size:35px;font-weight:700;line-height:1}.elementor-slides .swiper-slide-inner .elementor-slide-description{font-size:17px;line-height:1.4}.elementor-slides .swiper-slide-inner .elementor-slide-description:not(:last-child),.elementor-slides .swiper-slide-inner .elementor-slide-heading:not(:last-child){margin-bottom:30px}.elementor-slides .swiper-slide-inner .elementor-slide-button{border:2px solid #fff;color:#fff;background:transparent;display:inline-block}.elementor-slides .swiper-slide-inner .elementor-slide-button,.elementor-slides .swiper-slide-inner .elementor-slide-button:hover{background:transparent;color:inherit;text-decoration:none}.elementor--v-position-top .swiper-slide-inner{-webkit-box-align:start;-ms-flex-align:start;align-items:flex-start}.elementor--v-position-bottom .swiper-slide-inner{-webkit-box-align:end;-ms-flex-align:end;align-items:flex-end}.elementor--v-position-middle .swiper-slide-inner{-webkit-box-align:center;-ms-flex-align:center;align-items:center}.elementor--h-position-left .swiper-slide-inner{-webkit-box-pack:start;-ms-flex-pack:start;justify-content:flex-start}.elementor--h-position-right .swiper-slide-inner{-webkit-box-pack:end;-ms-flex-pack:end;justify-content:flex-end}.elementor--h-position-center .swiper-slide-inner{-webkit-box-pack:center;-ms-flex-pack:center;justify-content:center}body.rtl .elementor-widget-slides .elementor-swiper-button-next{left:10px;right:auto}body.rtl .elementor-widget-slides .elementor-swiper-button-prev{right:10px;left:auto}.elementor-slides-wrapper div:not(.swiper-slide)>.swiper-slide-inner{display:none}@media (max-width:767px){.elementor-slides .swiper-slide-inner{padding:30px}.elementor-slides .swiper-slide-inner .elementor-slide-heading{font-size:23px;line-height:1;margin-bottom:15px}.elementor-slides .swiper-slide-inner .elementor-slide-description{font-size:13px;line-height:1.4;margin-bottom:15px}}<\/style>\n<p>Schrothkurhotel Alphorn<\/p>\n<style>\/*! elementor - v3.9.0 - 06-12-2022 *\/<br \/>\n.elementor-heading-title{padding:0;margin:0;line-height:1}.elementor-widget-heading .elementor-heading-title[class*=elementor-size-]>a{color:inherit;font-size:inherit;line-height:inherit}.elementor-widget-heading .elementor-heading-title.elementor-size-small{font-size:15px}.elementor-widget-heading .elementor-heading-title.elementor-size-medium{font-size:19px}.elementor-widget-heading .elementor-heading-title.elementor-size-large{font-size:29px}.elementor-widget-heading .elementor-heading-title.elementor-size-xl{font-size:39px}.elementor-widget-heading .elementor-heading-title.elementor-size-xxl{font-size:59px}<\/style>\n<h3>Fr\u00fchst\u00fccks<br \/>\nbereich<\/h3>\n<style>\/*! elementor - v3.9.0 - 06-12-2022 *\/<br \/>\n.elementor-widget-image{text-align:center}.elementor-widget-image a{display:inline-block}.elementor-widget-image a img[src$=\".svg\"]{width:48px}.elementor-widget-image img{vertical-align:middle;display:inline-block}<\/style>\n<p><img fetchpriority=\"high\" decoding=\"async\" src=\"https:\/\/hotel-alphorn.de\/wp-content\/uploads\/2022\/12\/image00001-1024x768.jpeg\" sizes=\"(max-width: 800px) 100vw, 800px\" srcset=\"https:\/\/hotel-alphorn.de\/wp-content\/uploads\/2022\/12\/image00001-1024x768.jpeg 1024w, https:\/\/hotel-alphorn.de\/wp-content\/uploads\/2022\/12\/image00001-300x225.jpeg 300w, https:\/\/hotel-alphorn.de\/wp-content\/uploads\/2022\/12\/image00001-768x576.jpeg 768w, https:\/\/hotel-alphorn.de\/wp-content\/uploads\/2022\/12\/image00001-1536x1152.jpeg 1536w, https:\/\/hotel-alphorn.de\/wp-content\/uploads\/2022\/12\/image00001-2048x1536.jpeg 2048w\" alt=\"\" width=\"800\" height=\"600\" \/><br \/>\n<img decoding=\"async\" src=\"https:\/\/hotel-alphorn.de\/wp-content\/uploads\/2022\/12\/image00010-1024x768.jpeg\" sizes=\"(max-width: 800px) 100vw, 800px\" srcset=\"https:\/\/hotel-alphorn.de\/wp-content\/uploads\/2022\/12\/image00010-1024x768.jpeg 1024w, https:\/\/hotel-alphorn.de\/wp-content\/uploads\/2022\/12\/image00010-300x225.jpeg 300w, https:\/\/hotel-alphorn.de\/wp-content\/uploads\/2022\/12\/image00010-768x576.jpeg 768w, https:\/\/hotel-alphorn.de\/wp-content\/uploads\/2022\/12\/image00010-1536x1152.jpeg 1536w, https:\/\/hotel-alphorn.de\/wp-content\/uploads\/2022\/12\/image00010-2048x1536.jpeg 2048w\" alt=\"\" width=\"800\" height=\"600\" \/><br \/>\n<img decoding=\"async\" src=\"https:\/\/hotel-alphorn.de\/wp-content\/uploads\/2022\/12\/Empfang01-1-1024x768.jpg\" sizes=\"(max-width: 800px) 100vw, 800px\" srcset=\"https:\/\/hotel-alphorn.de\/wp-content\/uploads\/2022\/12\/Empfang01-1-1024x768.jpg 1024w, https:\/\/hotel-alphorn.de\/wp-content\/uploads\/2022\/12\/Empfang01-1-300x225.jpg 300w, https:\/\/hotel-alphorn.de\/wp-content\/uploads\/2022\/12\/Empfang01-1-768x576.jpg 768w, https:\/\/hotel-alphorn.de\/wp-content\/uploads\/2022\/12\/Empfang01-1-1536x1152.jpg 1536w, https:\/\/hotel-alphorn.de\/wp-content\/uploads\/2022\/12\/Empfang01-1.jpg 1800w\" alt=\"\" width=\"800\" height=\"600\" \/><br \/>\nGenie\u00dfen Sie&#8230;<br \/>\n&#8230;unsere ruhige und sonnige Lage, welche kaum W\u00fcnsche offen l\u00e4\u00dft. Dennoch sind Sie in wenigen Gehminuten im Zentrum von Oberstaufen.<br \/>\nUnsere weitl\u00e4ufige Naturlandschaft bietet Vielfalt bei Wanderungen und Radtouren. Die Angebote und M\u00f6glichkeiten k\u00f6nnen von Gro\u00df und Klein sowie Jung und Alt genutzt werden. Bergbahnen unterst\u00fctzen den Bergauf- und -abstieg, Seen und Freib\u00e4der sowie das Erlebnisbad Aquaria bieten Entspannung, Themenstrecken versprechen Abwechslung und \u00dcberraschung. Im Winter gibt es M\u00f6glichkeiten f\u00fcr Abfahrt, Langlauf und Rodeln.<\/p>\n<p><img loading=\"lazy\" decoding=\"async\" src=\"https:\/\/hotel-alphorn.de\/wp-content\/uploads\/2022\/12\/Buffet02-1.jpg\" sizes=\"(max-width: 1800px) 100vw, 1800px\" srcset=\"https:\/\/hotel-alphorn.de\/wp-content\/uploads\/2022\/12\/Buffet02-1.jpg 1800w, https:\/\/hotel-alphorn.de\/wp-content\/uploads\/2022\/12\/Buffet02-1-300x225.jpg 300w, https:\/\/hotel-alphorn.de\/wp-content\/uploads\/2022\/12\/Buffet02-1-1024x768.jpg 1024w, https:\/\/hotel-alphorn.de\/wp-content\/uploads\/2022\/12\/Buffet02-1-768x576.jpg 768w, https:\/\/hotel-alphorn.de\/wp-content\/uploads\/2022\/12\/Buffet02-1-1536x1152.jpg 1536w\" alt=\"\" width=\"1800\" height=\"1350\" \/><\/p>\n<p>Schrothkurhotel Alphorn<\/p>\n<h3>Zimmer<\/h3>\n<p><img loading=\"lazy\" decoding=\"async\" src=\"https:\/\/hotel-alphorn.de\/wp-content\/uploads\/2022\/12\/image00019-1024x768.jpeg\" sizes=\"(max-width: 800px) 100vw, 800px\" srcset=\"https:\/\/hotel-alphorn.de\/wp-content\/uploads\/2022\/12\/image00019-1024x768.jpeg 1024w, https:\/\/hotel-alphorn.de\/wp-content\/uploads\/2022\/12\/image00019-300x225.jpeg 300w, https:\/\/hotel-alphorn.de\/wp-content\/uploads\/2022\/12\/image00019-768x576.jpeg 768w, https:\/\/hotel-alphorn.de\/wp-content\/uploads\/2022\/12\/image00019-1536x1152.jpeg 1536w, https:\/\/hotel-alphorn.de\/wp-content\/uploads\/2022\/12\/image00019-2048x1536.jpeg 2048w\" alt=\"\" width=\"800\" height=\"600\" \/><br \/>\n<img loading=\"lazy\" decoding=\"async\" src=\"https:\/\/hotel-alphorn.de\/wp-content\/uploads\/2022\/12\/image00106-1024x768.jpeg\" sizes=\"(max-width: 800px) 100vw, 800px\" srcset=\"https:\/\/hotel-alphorn.de\/wp-content\/uploads\/2022\/12\/image00106-1024x768.jpeg 1024w, https:\/\/hotel-alphorn.de\/wp-content\/uploads\/2022\/12\/image00106-300x225.jpeg 300w, https:\/\/hotel-alphorn.de\/wp-content\/uploads\/2022\/12\/image00106-768x576.jpeg 768w, https:\/\/hotel-alphorn.de\/wp-content\/uploads\/2022\/12\/image00106-1536x1152.jpeg 1536w, https:\/\/hotel-alphorn.de\/wp-content\/uploads\/2022\/12\/image00106-2048x1536.jpeg 2048w\" alt=\"\" width=\"800\" height=\"600\" \/><br \/>\n<img loading=\"lazy\" decoding=\"async\" src=\"https:\/\/hotel-alphorn.de\/wp-content\/uploads\/2022\/12\/image00052-scaled.jpeg\" sizes=\"(max-width: 2560px) 100vw, 2560px\" srcset=\"https:\/\/hotel-alphorn.de\/wp-content\/uploads\/2022\/12\/image00052-scaled.jpeg 2560w, https:\/\/hotel-alphorn.de\/wp-content\/uploads\/2022\/12\/image00052-300x225.jpeg 300w, https:\/\/hotel-alphorn.de\/wp-content\/uploads\/2022\/12\/image00052-1024x768.jpeg 1024w, https:\/\/hotel-alphorn.de\/wp-content\/uploads\/2022\/12\/image00052-768x576.jpeg 768w, https:\/\/hotel-alphorn.de\/wp-content\/uploads\/2022\/12\/image00052-1536x1152.jpeg 1536w, https:\/\/hotel-alphorn.de\/wp-content\/uploads\/2022\/12\/image00052-2048x1536.jpeg 2048w\" alt=\"\" width=\"2560\" height=\"1920\" \/><br \/>\n<img loading=\"lazy\" decoding=\"async\" src=\"https:\/\/hotel-alphorn.de\/wp-content\/uploads\/2022\/12\/image00079-1024x768.jpeg\" sizes=\"(max-width: 800px) 100vw, 800px\" srcset=\"https:\/\/hotel-alphorn.de\/wp-content\/uploads\/2022\/12\/image00079-1024x768.jpeg 1024w, https:\/\/hotel-alphorn.de\/wp-content\/uploads\/2022\/12\/image00079-300x225.jpeg 300w, https:\/\/hotel-alphorn.de\/wp-content\/uploads\/2022\/12\/image00079-768x576.jpeg 768w, https:\/\/hotel-alphorn.de\/wp-content\/uploads\/2022\/12\/image00079-1536x1152.jpeg 1536w, https:\/\/hotel-alphorn.de\/wp-content\/uploads\/2022\/12\/image00079-2048x1536.jpeg 2048w\" alt=\"\" width=\"800\" height=\"600\" \/><br \/>\nWir verf\u00fcgen \u00fcber 16 Zimmer mit 23 Betten, davon 9 Einzelzimmer. Alle Zimmer mit Dusche \/WC, Kabel-TV, W-Lan Zugang, Telefondurchwahl, mit\/ohne Balkon oder Terrasse, reichhaltigem Fr\u00fchst\u00fcck bei \u00dcF.<br \/>\n<img loading=\"lazy\" decoding=\"async\" src=\"https:\/\/hotel-alphorn.de\/wp-content\/uploads\/2022\/12\/image00094-1024x768.jpeg\" sizes=\"(max-width: 800px) 100vw, 800px\" srcset=\"https:\/\/hotel-alphorn.de\/wp-content\/uploads\/2022\/12\/image00094-1024x768.jpeg 1024w, https:\/\/hotel-alphorn.de\/wp-content\/uploads\/2022\/12\/image00094-300x225.jpeg 300w, https:\/\/hotel-alphorn.de\/wp-content\/uploads\/2022\/12\/image00094-768x576.jpeg 768w, https:\/\/hotel-alphorn.de\/wp-content\/uploads\/2022\/12\/image00094-1536x1152.jpeg 1536w, https:\/\/hotel-alphorn.de\/wp-content\/uploads\/2022\/12\/image00094-2048x1537.jpeg 2048w\" alt=\"\" width=\"800\" height=\"600\" \/><br \/>\n<img loading=\"lazy\" decoding=\"async\" src=\"https:\/\/hotel-alphorn.de\/wp-content\/uploads\/2022\/12\/image00085-scaled.jpeg\" sizes=\"(max-width: 2560px) 100vw, 2560px\" srcset=\"https:\/\/hotel-alphorn.de\/wp-content\/uploads\/2022\/12\/image00085-scaled.jpeg 2560w, https:\/\/hotel-alphorn.de\/wp-content\/uploads\/2022\/12\/image00085-300x225.jpeg 300w, https:\/\/hotel-alphorn.de\/wp-content\/uploads\/2022\/12\/image00085-1024x768.jpeg 1024w, https:\/\/hotel-alphorn.de\/wp-content\/uploads\/2022\/12\/image00085-768x576.jpeg 768w, https:\/\/hotel-alphorn.de\/wp-content\/uploads\/2022\/12\/image00085-1536x1152.jpeg 1536w, https:\/\/hotel-alphorn.de\/wp-content\/uploads\/2022\/12\/image00085-2048x1536.jpeg 2048w\" alt=\"\" width=\"2560\" height=\"1920\" \/><\/p>\n<h4>Pauschalen und Preise<\/h4>\n<p>Die 7 Tage der Schroth-Schnupperwoche kosten <strong>\u20ac 800,00<\/strong> alles inklusive (Hotel, Speisen, s\u00e4mtliche Getr\u00e4nke, Packungen, Arzt, Kurtaxe).<\/p>\n<p>Der Schrothkurtag (Hotel, Speisen, s\u00e4mtliche Getr\u00e4nke) bei k\u00fcrzerem und l\u00e4ngerem Aufenthalt kostet zwischen <strong>\u20ac 83,50<\/strong> und <strong>\u20ac 81,00<\/strong>. Externe Kosten sind Kurarzt, Packungen und Kurtaxe.<\/p>\n<p>\u00dcbernachtung mit Fr\u00fchst\u00fcck pro Person zwischen <strong>\u20ac 52,50<\/strong> und <strong>\u20ac 55,00 (bei Kurzzeitaufenthalt von zwei Tagen Zuschlag von \u20ac 5,00 pro Bett)<\/strong>\u00a0zuz\u00fcglich Kurtaxe von <strong>\u20ac 3,50<\/strong>.<\/p>\n<p>Gutscheine f\u00fcr einen Aufenthalt k\u00f6nnen wir als Muster \u00fcbermitteln.<\/p>\n<p><img loading=\"lazy\" decoding=\"async\" src=\"https:\/\/hotel-alphorn.de\/wp-content\/uploads\/2022\/12\/image00074-scaled.jpeg\" sizes=\"(max-width: 2560px) 100vw, 2560px\" srcset=\"https:\/\/hotel-alphorn.de\/wp-content\/uploads\/2022\/12\/image00074-scaled.jpeg 2560w, https:\/\/hotel-alphorn.de\/wp-content\/uploads\/2022\/12\/image00074-300x225.jpeg 300w, https:\/\/hotel-alphorn.de\/wp-content\/uploads\/2022\/12\/image00074-1024x768.jpeg 1024w, https:\/\/hotel-alphorn.de\/wp-content\/uploads\/2022\/12\/image00074-768x576.jpeg 768w, https:\/\/hotel-alphorn.de\/wp-content\/uploads\/2022\/12\/image00074-1536x1152.jpeg 1536w, https:\/\/hotel-alphorn.de\/wp-content\/uploads\/2022\/12\/image00074-2048x1536.jpeg 2048w\" alt=\"\" width=\"2560\" height=\"1920\" \/><\/p>\n","protected":false},"excerpt":{"rendered":"<p>Schrothkurhotel Alphorn Fr\u00fchst\u00fccks bereich Genie\u00dfen Sie&#8230; &#8230;unsere ruhige und sonnige Lage, welche kaum W\u00fcnsche offen l\u00e4\u00dft. Dennoch sind Sie in wenigen Gehminuten im Zentrum von Oberstaufen. Unsere weitl\u00e4ufige Naturlandschaft bietet Vielfalt bei Wanderungen und Radtouren. Die Angebote und M\u00f6glichkeiten k\u00f6nnen von Gro\u00df und Klein sowie Jung und Alt genutzt werden. Bergbahnen unterst\u00fctzen den Bergauf- und [&hellip;]<\/p>\n","protected":false},"author":1,"featured_media":0,"parent":0,"menu_order":0,"comment_status":"closed","ping_status":"closed","template":"","meta":{"footnotes":""},"class_list":["post-34","page","type-page","status-publish","hentry"],"_links":{"self":[{"href":"https:\/\/hotel-alphorn.de\/index.php?rest_route=\/wp\/v2\/pages\/34","targetHints":{"allow":["GET"]}}],"collection":[{"href":"https:\/\/hotel-alphorn.de\/index.php?rest_route=\/wp\/v2\/pages"}],"about":[{"href":"https:\/\/hotel-alphorn.de\/index.php?rest_route=\/wp\/v2\/types\/page"}],"author":[{"embeddable":true,"href":"https:\/\/hotel-alphorn.de\/index.php?rest_route=\/wp\/v2\/users\/1"}],"replies":[{"embeddable":true,"href":"https:\/\/hotel-alphorn.de\/index.php?rest_route=%2Fwp%2Fv2%2Fcomments&post=34"}],"version-history":[{"count":58,"href":"https:\/\/hotel-alphorn.de\/index.php?rest_route=\/wp\/v2\/pages\/34\/revisions"}],"predecessor-version":[{"id":768,"href":"https:\/\/hotel-alphorn.de\/index.php?rest_route=\/wp\/v2\/pages\/34\/revisions\/768"}],"wp:attachment":[{"href":"https:\/\/hotel-alphorn.de\/index.php?rest_route=%2Fwp%2Fv2%2Fmedia&parent=34"}],"curies":[{"name":"wp","href":"https:\/\/api.w.org\/{rel}","templated":true}]}}